{"id":188,"date":"2025-12-10T15:23:12","date_gmt":"2025-12-10T15:23:12","guid":{"rendered":"https:\/\/medaillendruck.de\/?page_id=188"},"modified":"2026-01-19T10:10:20","modified_gmt":"2026-01-19T10:10:20","slug":"portfolio","status":"publish","type":"page","link":"https:\/\/medaillendruck.de\/home\/portfolio\/","title":{"rendered":"Portfolio"},"content":{"rendered":"\t\t<div data-elementor-type=\"wp-page\" data-elementor-id=\"188\" class=\"elementor elementor-188\">\n\t\t\t\t<div class=\"elementor-element elementor-element-1afbf35 e-flex e-con-boxed e-con e-parent\" data-id=\"1afbf35\" data-element_type=\"container\" data-e-type=\"container\" data-settings=\"{&quot;background_background&quot;:&quot;classic&quot;}\">\n\t\t\t\t\t<div class=\"e-con-inner\">\n\t\t\t\t<div class=\"elementor-element elementor-element-19e493e elementor-widget elementor-widget-html\" data-id=\"19e493e\" data-element_type=\"widget\" data-e-type=\"widget\" data-widget_type=\"html.default\">\n\t\t\t\t\t<style>\n    \/* WP Men\u00fc im Elementor Nav-Menu Widget *\/\n.menu-md-navigation-container #menu-md-navigation{\n  list-style: none !important;\n  margin: 0 !important;\n  padding: 0 !important;\n\n  display: flex !important;\n  gap: 28px !important;\n  align-items: center !important;\n}\n\n.menu-md-navigation-container #menu-md-navigation > li{\n  list-style: none !important;\n  margin: 0 !important;\n  padding: 0 !important;\n}\n\n.menu-md-navigation-container #menu-md-navigation > li::marker{\n  content: \"\" !important;\n}\n\n.menu-md-navigation-container #menu-md-navigation > li > a{\n  display: inline-block !important;\n  text-decoration: none !important;\n  font-size: 18px !important;\n  font-weight: 500 !important;\n  color: #0b1524 !important; \/* wie oben *\/\n}\n\n\/* Hover Edelstahl-Textverlauf *\/\n.menu-md-navigation-container #menu-md-navigation > li > a:hover{\n  background: linear-gradient(\n    90deg,\n    #bfc5cb 0%,\n    #7d858d 25%,\n    #4f565d 50%,\n    #7d858d 75%,\n    #c5cbd1 100%\n  ) !important;\n\n  -webkit-background-clip: text !important;\n  background-clip: text !important;\n  color: transparent !important;\n}\n\n\n<\/style>\t\t\t\t<\/div>\n\t\t<div class=\"elementor-element elementor-element-4c3ebcd e-con-full e-flex e-con e-child\" data-id=\"4c3ebcd\" data-element_type=\"container\" data-e-type=\"container\">\n\t\t\t\t<div class=\"elementor-element elementor-element-16a0fba elementor-widget elementor-widget-image\" data-id=\"16a0fba\" data-element_type=\"widget\" data-e-type=\"widget\" data-widget_type=\"image.default\">\n\t\t\t\t\t\t\t\t\t\t\t\t\t\t\t<img decoding=\"async\" width=\"300\" height=\"64\" src=\"https:\/\/medaillendruck.de\/wp-content\/uploads\/2025\/12\/Medaillendruck_logo-1.png\" class=\"attachment-medium size-medium wp-image-178\" alt=\"\" \/>\t\t\t\t\t\t\t\t\t\t\t\t\t\t\t<\/div>\n\t\t\t\t<\/div>\n\t\t<div class=\"elementor-element elementor-element-544480c e-flex e-con-boxed e-con e-child\" data-id=\"544480c\" data-element_type=\"container\" data-e-type=\"container\">\n\t\t\t\t\t<div class=\"e-con-inner\">\n\t\t\t\t<div class=\"elementor-element elementor-element-2f45fd7 elementor-widget elementor-widget-wp-widget-nav_menu\" data-id=\"2f45fd7\" data-element_type=\"widget\" data-e-type=\"widget\" data-widget_type=\"wp-widget-nav_menu.default\">\n\t\t\t\t<div class=\"elementor-widget-container\">\n\t\t\t\t\t<nav class=\"menu-md-navigation-container\" aria-label=\"Men\u00fc\"><ul id=\"menu-md-navigation\" class=\"menu\"><li id=\"menu-item-277\" class=\"menu-item menu-item-type-post_type menu-item-object-page menu-item-home menu-item-277\"><a href=\"https:\/\/medaillendruck.de\/home\/\">Home<\/a><\/li>\n<li id=\"menu-item-279\" class=\"menu-item menu-item-type-post_type menu-item-object-page menu-item-279\"><a href=\"https:\/\/medaillendruck.de\/home\/portfolio\/\">Portfolio<\/a><\/li>\n<li id=\"menu-item-278\" class=\"menu-item menu-item-type-post_type menu-item-object-page menu-item-278\"><a href=\"https:\/\/medaillendruck.de\/home\/kontakt\/\">Kontakt<\/a><\/li>\n<\/ul><\/nav>\t\t\t\t<\/div>\n\t\t\t\t<\/div>\n\t\t\t\t\t<\/div>\n\t\t\t\t<\/div>\n\t\t\t\t\t<\/div>\n\t\t\t\t<\/div>\n\t\t<div class=\"elementor-element elementor-element-606d1ca e-flex e-con-boxed e-con e-parent\" data-id=\"606d1ca\" data-element_type=\"container\" data-e-type=\"container\">\n\t\t\t\t\t<div class=\"e-con-inner\">\n\t\t\t\t<div class=\"elementor-element elementor-element-5eb124a elementor-widget elementor-widget-heading\" data-id=\"5eb124a\" data-element_type=\"widget\" data-e-type=\"widget\" data-widget_type=\"heading.default\">\n\t\t\t\t\t<h1 class=\"elementor-heading-title elementor-size-default\">Portfolio<\/h1>\t\t\t\t<\/div>\n\t\t\t\t<div class=\"elementor-element elementor-element-7f75a48 elementor-arrows-position-inside elementor-pagination-position-outside elementor-widget elementor-widget-image-carousel\" data-id=\"7f75a48\" data-element_type=\"widget\" data-e-type=\"widget\" data-settings=\"{&quot;navigation&quot;:&quot;both&quot;,&quot;autoplay&quot;:&quot;yes&quot;,&quot;pause_on_hover&quot;:&quot;yes&quot;,&quot;pause_on_interaction&quot;:&quot;yes&quot;,&quot;autoplay_speed&quot;:5000,&quot;infinite&quot;:&quot;yes&quot;,&quot;speed&quot;:500}\" data-widget_type=\"image-carousel.default\">\n\t\t\t\t\t\t\t<div class=\"elementor-image-carousel-wrapper swiper\" role=\"region\" aria-roledescription=\"carousel\" aria-label=\"Bild Karussell\" dir=\"ltr\">\n\t\t\t<div class=\"elementor-image-carousel swiper-wrapper\" aria-live=\"off\">\n\t\t\t\t\t\t\t\t<div class=\"swiper-slide\" role=\"group\" aria-roledescription=\"slide\" aria-label=\"1 von 4\"><figure class=\"swiper-slide-inner\"><img decoding=\"async\" class=\"swiper-slide-image\" src=\"https:\/\/medaillendruck.de\/wp-content\/uploads\/2025\/12\/IMG_20251204_132924-768x576.png\" alt=\"IMG_20251204_132924\" \/><\/figure><\/div><div class=\"swiper-slide\" role=\"group\" aria-roledescription=\"slide\" aria-label=\"2 von 4\"><figure class=\"swiper-slide-inner\"><img decoding=\"async\" class=\"swiper-slide-image\" src=\"https:\/\/medaillendruck.de\/wp-content\/uploads\/2025\/12\/Staffeltriathlon.png\" alt=\"Staffeltriathlon\" \/><\/figure><\/div><div class=\"swiper-slide\" role=\"group\" aria-roledescription=\"slide\" aria-label=\"3 von 4\"><figure class=\"swiper-slide-inner\"><img decoding=\"async\" class=\"swiper-slide-image\" src=\"https:\/\/medaillendruck.de\/wp-content\/uploads\/2025\/12\/silvesterlauf2023_medaille2-768x576.png\" alt=\"silvesterlauf2023_medaille2\" \/><\/figure><\/div><div class=\"swiper-slide\" role=\"group\" aria-roledescription=\"slide\" aria-label=\"4 von 4\"><figure class=\"swiper-slide-inner\"><img decoding=\"async\" class=\"swiper-slide-image\" src=\"https:\/\/medaillendruck.de\/wp-content\/uploads\/2025\/12\/Gluecklauf_Medaille_kleiner-768x640.png\" alt=\"Gl\u00fccklauf_Medaille_kleiner\" \/><\/figure><\/div>\t\t\t<\/div>\n\t\t\t\t\t\t\t\t\t\t\t\t<div class=\"elementor-swiper-button elementor-swiper-button-prev\" role=\"button\" tabindex=\"0\">\n\t\t\t\t\t\t<svg aria-hidden=\"true\" class=\"e-font-icon-svg e-eicon-chevron-left\" viewBox=\"0 0 1000 1000\" xmlns=\"http:\/\/www.w3.org\/2000\/svg\"><path d=\"M646 125C629 125 613 133 604 142L308 442C296 454 292 471 292 487 292 504 296 521 308 533L604 854C617 867 629 875 646 875 663 875 679 871 692 858 704 846 713 829 713 812 713 796 708 779 692 767L438 487 692 225C700 217 708 204 708 187 708 171 704 154 692 142 675 129 663 125 646 125Z\"><\/path><\/svg>\t\t\t\t\t<\/div>\n\t\t\t\t\t<div class=\"elementor-swiper-button elementor-swiper-button-next\" role=\"button\" tabindex=\"0\">\n\t\t\t\t\t\t<svg aria-hidden=\"true\" class=\"e-font-icon-svg e-eicon-chevron-right\" viewBox=\"0 0 1000 1000\" xmlns=\"http:\/\/www.w3.org\/2000\/svg\"><path d=\"M696 533C708 521 713 504 713 487 713 471 708 454 696 446L400 146C388 133 375 125 354 125 338 125 325 129 313 142 300 154 292 171 292 187 292 204 296 221 308 233L563 492 304 771C292 783 288 800 288 817 288 833 296 850 308 863 321 871 338 875 354 875 371 875 388 867 400 854L696 533Z\"><\/path><\/svg>\t\t\t\t\t<\/div>\n\t\t\t\t\n\t\t\t\t\t\t\t\t\t<div class=\"swiper-pagination\"><\/div>\n\t\t\t\t\t\t\t\t\t<\/div>\n\t\t\t\t\t\t<\/div>\n\t\t\t\t<div class=\"elementor-element elementor-element-2740feb elementor-widget elementor-widget-heading\" data-id=\"2740feb\" data-element_type=\"widget\" data-e-type=\"widget\" data-widget_type=\"heading.default\">\n\t\t\t\t\t<h2 class=\"elementor-heading-title elementor-size-default\">\u00dcber uns <\/h2>\t\t\t\t<\/div>\n\t\t\t\t\t<\/div>\n\t\t\t\t<\/div>\n\t\t<div class=\"elementor-element elementor-element-92dde31 e-flex e-con-boxed e-con e-parent\" data-id=\"92dde31\" data-element_type=\"container\" data-e-type=\"container\">\n\t\t\t\t\t<div class=\"e-con-inner\">\n\t\t<div class=\"elementor-element elementor-element-1873a21 e-con-full e-flex e-con e-child\" data-id=\"1873a21\" data-element_type=\"container\" data-e-type=\"container\">\n\t\t\t\t<div class=\"elementor-element elementor-element-f6b87b4 elementor-widget elementor-widget-image\" data-id=\"f6b87b4\" data-element_type=\"widget\" data-e-type=\"widget\" data-widget_type=\"image.default\">\n\t\t\t\t\t\t\t\t\t\t\t\t\t\t\t<img fetchpriority=\"high\" decoding=\"async\" width=\"800\" height=\"562\" src=\"https:\/\/medaillendruck.de\/wp-content\/uploads\/2025\/12\/Silvesterlauf-Druck-1024x719.png\" class=\"attachment-large size-large wp-image-442\" alt=\"\" srcset=\"https:\/\/medaillendruck.de\/wp-content\/uploads\/2025\/12\/Silvesterlauf-Druck-1024x719.png 1024w, https:\/\/medaillendruck.de\/wp-content\/uploads\/2025\/12\/Silvesterlauf-Druck-300x211.png 300w, https:\/\/medaillendruck.de\/wp-content\/uploads\/2025\/12\/Silvesterlauf-Druck-768x539.png 768w, https:\/\/medaillendruck.de\/wp-content\/uploads\/2025\/12\/Silvesterlauf-Druck-1536x1079.png 1536w, https:\/\/medaillendruck.de\/wp-content\/uploads\/2025\/12\/Silvesterlauf-Druck-2048x1438.png 2048w\" sizes=\"(max-width: 800px) 100vw, 800px\" \/>\t\t\t\t\t\t\t\t\t\t\t\t\t\t\t<\/div>\n\t\t\t\t<\/div>\n\t\t<div class=\"elementor-element elementor-element-0b9f1e9 e-con-full e-flex e-con e-child\" data-id=\"0b9f1e9\" data-element_type=\"container\" data-e-type=\"container\">\n\t\t\t\t<div class=\"elementor-element elementor-element-e2bb1f0 elementor-widget elementor-widget-text-editor\" data-id=\"e2bb1f0\" data-element_type=\"widget\" data-e-type=\"widget\" data-widget_type=\"text-editor.default\">\n\t\t\t\t\t\t\t\t\t<h3 data-start=\"867\" data-end=\"913\"><strong>Individuelle Formen \u2013 nachhaltig gefertigt<\/strong><\/h3><p data-start=\"915\" data-end=\"1091\">Neben dem Druckmotiv kann auch die <strong data-start=\"950\" data-end=\"993\">Form der Medaille individuell gestaltet<\/strong> werden. Ob klassisch, modern oder vollkommen frei nach Wunsch \u2013 nahezu jede Kontur ist umsetzbar.<\/p><p data-start=\"1093\" data-end=\"1493\">Ein besonderer Fokus liegt dabei auf <strong data-start=\"1130\" data-end=\"1148\">Nachhaltigkeit<\/strong>:<br data-start=\"1149\" data-end=\"1152\" \/>Unsere Medaillen werden aus <strong data-start=\"1180\" data-end=\"1199\">Edelstahlresten<\/strong> gefertigt, die in anderen Produktionsprozessen anfallen. So erhalten hochwertige Materialien ein zweites Leben, ohne zus\u00e4tzliche Ressourcen zu verbrauchen. Das Ergebnis sind langlebige, robuste Medaillen mit Charakter \u2013 umweltbewusst produziert und dennoch kompromisslos in Qualit\u00e4t und Optik.<\/p>\t\t\t\t\t\t\t\t<\/div>\n\t\t\t\t<\/div>\n\t\t<div class=\"elementor-element elementor-element-0fca83e e-con-full e-flex e-con e-child\" data-id=\"0fca83e\" data-element_type=\"container\" data-e-type=\"container\">\n\t\t\t\t<div class=\"elementor-element elementor-element-8a6858a elementor-widget elementor-widget-text-editor\" data-id=\"8a6858a\" data-element_type=\"widget\" data-e-type=\"widget\" data-widget_type=\"text-editor.default\">\n\t\t\t\t\t\t\t\t\t<h3 data-start=\"261\" data-end=\"306\"><strong>Pr\u00e4ziser UV-Druck &amp; maximale Flexibilit\u00e4t<\/strong><\/h3><p data-start=\"308\" data-end=\"650\">F\u00fcr unsere Medaillen setzen wir auf <strong data-start=\"344\" data-end=\"373\">modernsten UV-Direktdruck<\/strong>. Dieses Druckverfahren erm\u00f6glicht gestochen scharfe Details, kr\u00e4ftige Farben und eine au\u00dfergew\u00f6hnliche Haltbarkeit \u2013 selbst bei feinen Linien, Farbverl\u00e4ufen oder komplexen Motiven. Die Farben sind abrieb-, kratz- und wetterfest.<\/p><p data-start=\"652\" data-end=\"860\">Dank des digitalen Druckprozesses sind <strong data-start=\"691\" data-end=\"715\">variable St\u00fcckzahlen<\/strong> problemlos realisierbar: von Einzelanfertigungen \u00fcber Kleinserien bis hin zu gr\u00f6\u00dferen Auflagen \u2013 ohne Qualit\u00e4tsverlust und ohne hohe R\u00fcstkosten.<\/p>\t\t\t\t\t\t\t\t<\/div>\n\t\t\t\t<\/div>\n\t\t<div class=\"elementor-element elementor-element-29731f4 e-con-full e-flex e-con e-child\" data-id=\"29731f4\" data-element_type=\"container\" data-e-type=\"container\">\n\t\t\t\t<div class=\"elementor-element elementor-element-360c880 elementor-widget__width-initial elementor-widget elementor-widget-image\" data-id=\"360c880\" data-element_type=\"widget\" data-e-type=\"widget\" data-widget_type=\"image.default\">\n\t\t\t\t\t\t\t\t\t\t\t\t\t\t\t<img decoding=\"async\" width=\"800\" height=\"600\" src=\"https:\/\/medaillendruck.de\/wp-content\/uploads\/2025\/12\/silvesterlauf2023_medaille2-1024x768.png\" class=\"attachment-large size-large wp-image-289\" alt=\"\" srcset=\"https:\/\/medaillendruck.de\/wp-content\/uploads\/2025\/12\/silvesterlauf2023_medaille2-1024x768.png 1024w, https:\/\/medaillendruck.de\/wp-content\/uploads\/2025\/12\/silvesterlauf2023_medaille2-300x225.png 300w, https:\/\/medaillendruck.de\/wp-content\/uploads\/2025\/12\/silvesterlauf2023_medaille2-768x576.png 768w, https:\/\/medaillendruck.de\/wp-content\/uploads\/2025\/12\/silvesterlauf2023_medaille2-1536x1152.png 1536w, https:\/\/medaillendruck.de\/wp-content\/uploads\/2025\/12\/silvesterlauf2023_medaille2-2048x1536.png 2048w\" sizes=\"(max-width: 800px) 100vw, 800px\" \/>\t\t\t\t\t\t\t\t\t\t\t\t\t\t\t<\/div>\n\t\t\t\t<\/div>\n\t\t\t\t\t<\/div>\n\t\t\t\t<\/div>\n\t\t<div class=\"elementor-element elementor-element-2968c2d e-flex e-con-boxed e-con e-parent\" data-id=\"2968c2d\" data-element_type=\"container\" data-e-type=\"container\">\n\t\t\t\t\t<div class=\"e-con-inner\">\n\t\t\t\t<div class=\"elementor-element elementor-element-28aaa54 elementor-widget elementor-widget-html\" data-id=\"28aaa54\" data-element_type=\"widget\" data-e-type=\"widget\" data-widget_type=\"html.default\">\n\t\t\t\t\t<div class=\"md-footer\">\n    <div class=\"md-footer-logo\">Medaillendruck.de<\/div>\n\n    <nav class=\"md-footer-nav\">\n        <a href=\"\/\">Startseite<\/a>\n        <a href=\"\/medaillen\/\">Medaillen<\/a>\n        <a href=\"\/ablauf\/\">Ablauf<\/a>\n        <a href=\"\/preise\/\">Preise<\/a>\n        <a href=\"\/kontakt\/\">Kontakt<\/a>\n    <\/nav>\n\n    <div class=\"md-footer-info\">\n        <p>E-Mail: info@flaschenkuehler.de<\/p>\n        <p>Individuelle Medaillen \u2022 Design & Druck \u2022 Kleine St\u00fcckzahlen m\u00f6glich<\/p>\n    <\/div>\n\n    <!-- Links -->\n    <div class=\"md-footer-legal\">\n        <a href=\"\/agb\/\">AGB<\/a>\n        <span>\u2022<\/span>\n        <a href=\"\/datenschutz\/\">Datenschutz<\/a>\n        <span>\u2022<\/span>\n        <a href=\"\/impressum\/\">Impressum<\/a>\n    <\/div>\n\n    <div class=\"md-footer-copy\">\n        \u00a9 2025 Medaillendruck.de \u2013 Alle Rechte vorbehalten.\n    <\/div>\n<\/div>\n<style>\n    \/* Footer-Grundstil *\/\n.md-footer {\n    background: #0a0612;\n    padding: 60px 20px;\n    text-align: center;\n    color: #d7dde5;\n    border-top: 1px solid rgba(255,255,255,0.05);\n}\n\n.md-footer-logo {\n    font-size: 2rem;\n    font-weight: 600;\n    color: #8fa3b8;\n    margin-bottom: 25px;\n}\n\n\/* Haupt-Navigation im Footer *\/\n.md-footer-nav {\n    margin-bottom: 25px;\n}\n\n.md-footer-nav a {\n    color: #f4ede6;\n    margin: 0 12px;\n    text-decoration: none;\n    font-size: 1.05rem;\n    transition: color .25s ease;\n}\n\n.md-footer-nav a:hover {\n    color: #d9a867;\n}\n\n\/* Info-Text *\/\n.md-footer-info p {\n    margin: 6px 0;\n    opacity: 0.85;\n    font-size: 0.95rem;\n}\n\n\/* Links *\/\n.md-footer-legal {\n    margin-top: 22px;\n    font-size: 0.9rem;\n    opacity: 0.85;\n}\n\n.md-footer-legal a {\n    color: #8fa3b8;\n    text-decoration: none;\n    margin: 0 6px;\n    transition: color .25s ease;\n}\n\n.md-footer-legal a:hover {\n    color: #d9a867;\n}\n\n.md-footer-legal span {\n    color: #6b5a4a;\n}\n\n\/* Copyright *\/\n.md-footer-copy {\n    margin-top: 18px;\n    font-size: 0.82rem;\n    opacity: 0.6;\n}\n\n\/* Responsiv *\/\n@media (max-width: 600px) {\n    .md-footer-nav a {\n        display: block;\n        margin: 8px 0;\n    }\n\n    .md-footer-legal {\n        margin-top: 18px;\n    }\n}\n\n<\/style>\t\t\t\t<\/div>\n\t\t\t\t\t<\/div>\n\t\t\t\t<\/div>\n\t\t\t\t<\/div>\n\t\t","protected":false},"excerpt":{"rendered":"<p>Portfolio \u00dcber uns Individuelle Formen \u2013 nachhaltig gefertigt Neben dem Druckmotiv kann auch die Form der Medaille individuell gestaltet werden. Ob klassisch, modern oder vollkommen frei nach Wunsch \u2013 nahezu jede Kontur ist umsetzbar. Ein besonderer Fokus liegt dabei auf Nachhaltigkeit:Unsere Medaillen werden aus Edelstahlresten gefertigt, die in anderen Produktionsprozessen anfallen. So erhalten hochwertige Materialien [&hellip;]<\/p>\n","protected":false},"author":1,"featured_media":0,"parent":0,"menu_order":0,"comment_status":"closed","ping_status":"closed","template":"elementor_canvas","meta":{"footnotes":""},"class_list":["post-188","page","type-page","status-publish","hentry"],"aioseo_notices":[],"_links":{"self":[{"href":"https:\/\/medaillendruck.de\/home\/wp-json\/wp\/v2\/pages\/188","targetHints":{"allow":["GET"]}}],"collection":[{"href":"https:\/\/medaillendruck.de\/home\/wp-json\/wp\/v2\/pages"}],"about":[{"href":"https:\/\/medaillendruck.de\/home\/wp-json\/wp\/v2\/types\/page"}],"author":[{"embeddable":true,"href":"https:\/\/medaillendruck.de\/home\/wp-json\/wp\/v2\/users\/1"}],"replies":[{"embeddable":true,"href":"https:\/\/medaillendruck.de\/home\/wp-json\/wp\/v2\/comments?post=188"}],"version-history":[{"count":43,"href":"https:\/\/medaillendruck.de\/home\/wp-json\/wp\/v2\/pages\/188\/revisions"}],"predecessor-version":[{"id":571,"href":"https:\/\/medaillendruck.de\/home\/wp-json\/wp\/v2\/pages\/188\/revisions\/571"}],"wp:attachment":[{"href":"https:\/\/medaillendruck.de\/home\/wp-json\/wp\/v2\/media?parent=188"}],"curies":[{"name":"wp","href":"https:\/\/api.w.org\/{rel}","templated":true}]}}