{"id":203,"date":"2025-12-04T11:57:13","date_gmt":"2025-12-04T11:57:13","guid":{"rendered":"https:\/\/medaillendruck.de\/?page_id=203"},"modified":"2026-01-05T11:15:43","modified_gmt":"2026-01-05T11:15:43","slug":"datenschutz","status":"publish","type":"page","link":"https:\/\/medaillendruck.de\/home\/datenschutz\/","title":{"rendered":"Datenschutz"},"content":{"rendered":"\t\t<div data-elementor-type=\"wp-page\" data-elementor-id=\"203\" class=\"elementor elementor-203\">\n\t\t\t\t<div class=\"elementor-element elementor-element-387c55a e-flex e-con-boxed e-con e-parent\" data-id=\"387c55a\" data-element_type=\"container\" data-e-type=\"container\" data-settings=\"{&quot;background_background&quot;:&quot;classic&quot;}\">\n\t\t\t\t\t<div class=\"e-con-inner\">\n\t\t\t\t<div class=\"elementor-element elementor-element-4e8eba9 elementor-widget elementor-widget-html\" data-id=\"4e8eba9\" data-element_type=\"widget\" data-e-type=\"widget\" data-widget_type=\"html.default\">\n\t\t\t\t\t<style>\n    \/* WP Men\u00fc im Elementor Nav-Menu Widget *\/\n.menu-md-navigation-container #menu-md-navigation{\n  list-style: none !important;\n  margin: 0 !important;\n  padding: 0 !important;\n\n  display: flex !important;\n  gap: 28px !important;\n  align-items: center !important;\n}\n\n.menu-md-navigation-container #menu-md-navigation > li{\n  list-style: none !important;\n  margin: 0 !important;\n  padding: 0 !important;\n}\n\n.menu-md-navigation-container #menu-md-navigation > li::marker{\n  content: \"\" !important;\n}\n\n.menu-md-navigation-container #menu-md-navigation > li > a{\n  display: inline-block !important;\n  text-decoration: none !important;\n  font-size: 18px !important;\n  font-weight: 500 !important;\n  color: #0b1524 !important; \/* wie oben *\/\n}\n\n\/* Hover Edelstahl-Textverlauf *\/\n.menu-md-navigation-container #menu-md-navigation > li > a:hover{\n  background: linear-gradient(\n    90deg,\n    #bfc5cb 0%,\n    #7d858d 25%,\n    #4f565d 50%,\n    #7d858d 75%,\n    #c5cbd1 100%\n  ) !important;\n\n  -webkit-background-clip: text !important;\n  background-clip: text !important;\n  color: transparent !important;\n}\n\n\n<\/style>\t\t\t\t<\/div>\n\t\t<div class=\"elementor-element elementor-element-a94d9c9 e-con-full e-flex e-con e-child\" data-id=\"a94d9c9\" data-element_type=\"container\" data-e-type=\"container\">\n\t\t\t\t<div class=\"elementor-element elementor-element-c20d17f elementor-widget elementor-widget-image\" data-id=\"c20d17f\" data-element_type=\"widget\" data-e-type=\"widget\" data-widget_type=\"image.default\">\n\t\t\t\t\t\t\t\t\t\t\t\t\t\t\t<img decoding=\"async\" width=\"300\" height=\"64\" src=\"https:\/\/medaillendruck.de\/wp-content\/uploads\/2025\/12\/Medaillendruck_logo-1.png\" class=\"attachment-medium size-medium wp-image-178\" alt=\"\" \/>\t\t\t\t\t\t\t\t\t\t\t\t\t\t\t<\/div>\n\t\t\t\t<\/div>\n\t\t<div class=\"elementor-element elementor-element-44825ea e-flex e-con-boxed e-con e-child\" data-id=\"44825ea\" data-element_type=\"container\" data-e-type=\"container\">\n\t\t\t\t\t<div class=\"e-con-inner\">\n\t\t\t\t<div class=\"elementor-element elementor-element-8265860 elementor-widget elementor-widget-wp-widget-nav_menu\" data-id=\"8265860\" data-element_type=\"widget\" data-e-type=\"widget\" data-widget_type=\"wp-widget-nav_menu.default\">\n\t\t\t\t<div class=\"elementor-widget-container\">\n\t\t\t\t\t<nav class=\"menu-md-navigation-container\" aria-label=\"Men\u00fc\"><ul id=\"menu-md-navigation\" class=\"menu\"><li id=\"menu-item-277\" class=\"menu-item menu-item-type-post_type menu-item-object-page menu-item-home menu-item-277\"><a href=\"https:\/\/medaillendruck.de\/home\/\">Home<\/a><\/li>\n<li id=\"menu-item-279\" class=\"menu-item menu-item-type-post_type menu-item-object-page menu-item-279\"><a href=\"https:\/\/medaillendruck.de\/home\/portfolio\/\">Portfolio<\/a><\/li>\n<li id=\"menu-item-278\" class=\"menu-item menu-item-type-post_type menu-item-object-page menu-item-278\"><a href=\"https:\/\/medaillendruck.de\/home\/kontakt\/\">Kontakt<\/a><\/li>\n<\/ul><\/nav>\t\t\t\t<\/div>\n\t\t\t\t<\/div>\n\t\t\t\t\t<\/div>\n\t\t\t\t<\/div>\n\t\t\t\t\t<\/div>\n\t\t\t\t<\/div>\n\t\t<div class=\"elementor-element elementor-element-18f239c e-flex e-con-boxed e-con e-parent\" data-id=\"18f239c\" data-element_type=\"container\" data-e-type=\"container\">\n\t\t\t\t\t<div class=\"e-con-inner\">\n\t\t\t\t<div class=\"elementor-element elementor-element-e496993 elementor-widget elementor-widget-text-editor\" data-id=\"e496993\" data-element_type=\"widget\" data-e-type=\"widget\" data-widget_type=\"text-editor.default\">\n\t\t\t\t\t\t\t\t\t<div class=\"elementor-container elementor-column-gap-default\"><div class=\"elementor-column elementor-col-100 elementor-top-column elementor-element elementor-element-a5a7482\" data-id=\"a5a7482\" data-element_type=\"column\"><div class=\"elementor-widget-wrap elementor-element-populated\"><div class=\"elementor-element elementor-element-8d1bd99 elementor-widget elementor-widget-text-editor\" data-id=\"8d1bd99\" data-element_type=\"widget\" data-widget_type=\"text-editor.default\"><div class=\"elementor-widget-container\"><div class=\"privacy-wrapper\"><h2>Datenschutzerkl\u00e4rung<\/h2><p>Wir informieren Sie nachfolgend gem\u00e4\u00df den gesetzlichen Vorgaben des Datenschutzrechts (insb. gem\u00e4\u00df BDSG n.F. und der europ\u00e4ischen Datenschutz-Grundverordnung \u201eDS-GVO\u201c) \u00fcber die Art, den Umfang und Zweck der Verarbeitung personenbezogener Daten durch unser Unternehmen. Diese Datenschutzerkl\u00e4rung gilt auch f\u00fcr unsere Websites und Social-Media-Profile. Bez\u00fcglich der Definition von Begriffen wie \u201epersonenbezogene Daten\u201c oder \u201eVerarbeitung\u201c verweisen wir auf Art. 4 DS-GVO.<\/p><h3>Name und Kontaktdaten des Verantwortlichen<\/h3><address>JMD Jens Munser Designs<br \/>Karl-Scharfenberg-Str.<br \/>38229 Salzgitter, Deutschland<br \/>E-Mail: <a href=\"mailto:info@jmd.de\">info@jmd.de<\/a><\/address><h3>Datenarten, Zwecke der Verarbeitung und Kategorien betroffener Personen<\/h3><p>Nachfolgend informieren wir Sie \u00fcber Art, Umfang und Zweck der Erhebung, Verarbeitung und Nutzung personenbezogener Daten.<\/p><h4>1. Arten der Daten, die wir verarbeiten<\/h4><ul><li>Bestandsdaten (Name, Adresse etc.)<\/li><li>Kontaktdaten (Telefonnummer, E-Mail, Fax etc.)<\/li><\/ul><h4>2. Zwecke der Verarbeitung nach Art. 13 Abs. 1 c) DS-GVO<\/h4><ul><li>Abwicklung von Vertr\u00e4gen<\/li><\/ul><h4>3. Kategorien der betroffenen Personen nach Art. 13 Abs. 1 e) DS-GVO<\/h4><ul><li>Besucher\/Nutzer der Website<\/li><li>Kunden<\/li><li>Interessenten<\/li><\/ul><p>Die betroffenen Personen werden zusammenfassend als \u201eNutzer\u201c bezeichnet.<\/p><h3>Rechtsgrundlagen der Verarbeitung personenbezogener Daten<\/h3><p>Nachfolgend informieren wir Sie \u00fcber die Rechtsgrundlagen der Verarbeitung personenbezogener Daten:<\/p><ul><li>Einwilligung: Art. 6 Abs. 1 S. 1 lit. a) DS-GVO<\/li><li>Vertragserf\u00fcllung \/ vorvertragliche Ma\u00dfnahmen: Art. 6 Abs. 1 S. 1 lit. b) DS-GVO<\/li><li>Rechtliche Verpflichtung: Art. 6 Abs. 1 S. 1 lit. c) DS-GVO<\/li><li>Lebenswichtige Interessen: Art. 6 Abs. 1 S. 1 lit. d) DS-GVO<\/li><li>Berechtigte Interessen: Art. 6 Abs. 1 S. 1 lit. f) DS-GVO<\/li><\/ul><h3>Weitergabe personenbezogener Daten an Dritte und Auftragsverarbeiter<\/h3><p>Ohne Ihre Einwilligung geben wir grunds\u00e4tzlich keine Daten an Dritte weiter. Sollte dies doch der Fall sein, erfolgt die Weitergabe auf Grundlage der zuvor genannten Rechtsgrundlagen, z. B. bei der Weitergabe von Daten an Online-Payment-Anbieter zur Vertragserf\u00fcllung oder aufgrund gerichtlicher Anordnung bzw. gesetzlicher Verpflichtung zur Herausgabe der Daten (Strafverfolgung, Gefahrenabwehr, Durchsetzung von Rechten am geistigen Eigentum).<\/p><p>Wir setzen zudem Auftragsverarbeiter (externe Dienstleister, z. B. Webhosting unserer Websites und Datenbanken) ein. Eine Weitergabe im Rahmen einer Auftragsverarbeitung erfolgt stets nach Art. 28 DS-GVO. Wir w\u00e4hlen unsere Auftragsverarbeiter sorgf\u00e4ltig aus, kontrollieren diese regelm\u00e4\u00dfig, haben ein Weisungsrecht und verlangen geeignete technische und organisatorische Ma\u00dfnahmen sowie die Einhaltung der Datenschutzvorschriften gem. BDSG n.F. und DS-GVO.<\/p><h3>Daten\u00fcbermittlung in Drittstaaten<\/h3><p>Mit der DS-GVO wurde eine einheitliche Grundlage f\u00fcr den Datenschutz in Europa geschaffen. Ihre Daten werden daher vorwiegend durch Unternehmen verarbeitet, f\u00fcr die die DS-GVO Anwendung findet. Erfolgt eine Verarbeitung durch Dienste Dritter au\u00dferhalb der EU\/des EWR, m\u00fcssen die besonderen Voraussetzungen der Art. 44 ff. DS-GVO erf\u00fcllt sein (z. B. Angemessenheitsbeschluss der EU-Kommission oder Standardvertragsklauseln). Bei US-Unternehmen kann die Unterwerfung unter das sog. \u201ePrivacy Shield\u201c als Garantie herangezogen werden.<\/p><h3>L\u00f6schung von Daten und Speicherdauer<\/h3><p>Sofern nicht ausdr\u00fccklich anders angegeben, werden personenbezogene Daten gel\u00f6scht oder gesperrt, sobald der Zweck der Speicherung entf\u00e4llt, es sei denn, die weitere Aufbewahrung ist zu Beweiszwecken erforderlich oder gesetzliche Aufbewahrungspflichten stehen entgegen (z. B. handelsrechtliche Aufbewahrung von Gesch\u00e4ftsbriefen nach \u00a7 257 Abs. 1 HGB \u2013 6 Jahre \u2013 sowie steuerrechtliche Aufbewahrung von Belegen nach \u00a7 147 Abs. 1 AO \u2013 10 Jahre). Nach Ablauf der Fristen erfolgt eine Sperrung oder L\u00f6schung, sofern die Speicherung nicht weiterhin f\u00fcr einen Vertragsabschluss oder dessen Erf\u00fcllung erforderlich ist.<\/p><h3>Bestehen einer automatisierten Entscheidungsfindung<\/h3><p>Wir setzen keine automatische Entscheidungsfindung oder ein Profiling ein.<\/p><h3>Bereitstellung unserer Website und Erstellung von Logfiles<\/h3><p>Bei rein informatorischer Nutzung unserer Website erheben wir nur die personenbezogenen Daten, die Ihr Browser an unseren Server \u00fcbermittelt. Hierzu z\u00e4hlen insbesondere:<\/p><ul><li>IP-Adresse<\/li><li>Internet-Service-Provider des Nutzers<\/li><li>Datum und Uhrzeit des Abrufs<\/li><li>Browsertyp<\/li><li>Sprache und Browserversion<\/li><li>Inhalt des Abrufs<\/li><li>Zeitzone<\/li><li>Zugriffsstatus\/HTTP-Statuscode<\/li><li>Datenmenge<\/li><li>Websites, von denen die Anforderung kommt<\/li><li>Betriebssystem<\/li><\/ul><p>Eine Speicherung dieser Daten zusammen mit anderen personenbezogenen Daten findet nicht statt. Die Daten dienen der nutzerfreundlichen, funktionsf\u00e4higen und sicheren Auslieferung unserer Website sowie deren Optimierung und statistischen Auswertung. Rechtsgrundlage ist unser berechtigtes Interesse gem. Art. 6 Abs. 1 S. 1 lit. f) DS-GVO. Aus Sicherheitsgr\u00fcnden speichern wir diese Daten in Server-Logfiles f\u00fcr eine Dauer von Tagen; danach werden sie automatisch gel\u00f6scht, sofern keine Aufbewahrung zu Beweiszwecken (z. B. bei Angriffen) erforderlich ist.<\/p><h3>Kontaktaufnahme per Kontaktformular \/ E-Mail \/ Fax \/ Post<\/h3><p>Bei der Kontaktaufnahme verarbeiten wir Ihre Angaben zur Abwicklung der Anfrage. Rechtsgrundlagen sind Art. 6 Abs. 1 S. 1 lit. a) DS-GVO (Einwilligung), lit. f) (berechtigtes Interesse an Beantwortung\/Beweissicherung\/ Aufbewahrungspflichten) sowie bei Vertragsanbahnung lit. b).<\/p><p>Angaben k\u00f6nnen in einem CRM-System gespeichert werden. Die Daten werden gel\u00f6scht, sobald der Zweck entf\u00e4llt \u2013 regelm\u00e4\u00dfig mit Abschluss der Konversation. Anfragen von Nutzern mit Account\/Vertrag speichern wir bis zu zwei Jahre nach Vertragsende. Gesetzliche Archivierung: Ende der handelsrechtlichen (6 Jahre) bzw. steuerrechtlichen (10 Jahre) Fristen. Einwilligungen k\u00f6nnen Sie jederzeit widerrufen; der Speicherung per E-Mail k\u00f6nnen Sie jederzeit widersprechen.<\/p><h3>Kontaktaufnahme per Telefon<\/h3><p>Bei telefonischer Kontaktaufnahme wird Ihre Rufnummer zur Bearbeitung gespeichert und kurzfristig im Ger\u00e4t (RAM\/Cache) angezeigt. Speicherung erfolgt aus Haftungs-\/Sicherheitsgr\u00fcnden (Nachweis) und wirtschaftlich zur R\u00fcckrufm\u00f6glichkeit. Unberechtigte Werbeanrufe werden gesperrt.<\/p><p>Rechtsgrundlage: Art. 6 Abs. 1 S. 1 lit. f) DS-GVO; bei Vertragsanbahnung zus\u00e4tzlich lit. b). Der Ger\u00e4te-Cache speichert Anrufe 30 Tage und \u00fcberschreibt\/l\u00f6scht alte Daten; bei Entsorgung werden alle Daten gel\u00f6scht. Gesperrte Rufnummern werden j\u00e4hrlich gepr\u00fcft. Die Anzeige Ihrer Nummer k\u00f6nnen Sie durch Rufnummernunterdr\u00fcckung verhindern.<\/p><h3>Pr\u00e4senz in sozialen Medien<\/h3><p>Wir unterhalten Profile\/Fanpages in sozialen Medien zur Kommunikation mit Nutzern und Information \u00fcber Produkte, Angebote und Dienstleistungen. Bei Nutzung gelten die Datenschutzhinweise\/Nutzungsbedingungen des jeweiligen Netzwerks. Wir verarbeiten Daten, die Sie uns dort senden, zur Kommunikation und Beantwortung.<\/p><p>Rechtsgrundlage: berechtigtes Interesse an Kommunikation und Au\u00dfendarstellung (Art. 6 Abs. 1 S. 1 lit. f) DS-GVO); bei Einwilligung gegen\u00fcber dem Netzwerkbetreiber Art. 6 Abs. 1 S. 1 lit. a) i. V. m. Art. 7 DS-GVO.<\/p><ul><li>Facebook (Facebook Ireland Ltd., Dublin, Irland) \u2014 <a href=\"https:\/\/www.facebook.com\/about\/privacy\/\">Datenschutzerkl\u00e4rung<\/a>, Opt-Out: <a href=\"https:\/\/www.facebook.com\/settings?tab=ads\">facebook.com\/settings?tab=ads<\/a>, <a href=\"http:\/\/www.youronlinechoices.com\">youronlinechoices.com<\/a>, Privacy Shield: <a href=\"https:\/\/www.privacyshield.gov\/participant?id=a2zt0000000GnywAAC&amp;status=Active\">Link<\/a>.<\/li><li>Instagram (Instagram Inc., Menlo Park, USA) \u2014 <a href=\"http:\/\/instagram.com\/about\/legal\/privacy\/\">Datenschutzerkl\u00e4rung\/Opt-Out<\/a>.<\/li><li>Twitter (Twitter Inc., San Francisco, USA) \u2014 <a href=\"https:\/\/twitter.com\/de\/privacy\">Datenschutzerkl\u00e4rung<\/a>, Opt-Out: <a href=\"https:\/\/twitter.com\/personalization\">twitter.com\/personalization<\/a>, Privacy Shield: <a href=\"https:\/\/www.privacyshield.gov\/participant?id=a2zt0000000TORzAAO&amp;status=Active\">Link<\/a>.<\/li><\/ul><h3>Social-Media-Plug-ins<\/h3><p>Wir setzen Social-Media-Plug-ins ein und nutzen die \u201eZwei-Klick-L\u00f6sung\u201c Shariff (c\u2019t\/heise). Beim Aufruf unserer Website werden dadurch keine personenbezogenen Daten an Plug-in-Anbieter \u00fcbermittelt. Erst nach Aktivierung erh\u00e4lt der Anbieter die Information \u00fcber den Aufruf und es werden personenbezogene Daten (Third-Party-Cookies) \u00fcbermittelt\/gespeichert.<\/p><p>Die erhobenen Daten speichert der Plug-in-Anbieter als Nutzungsprofile (Werbung, Marktforschung, bedarfsgerechte Gestaltung). Eine solche Auswertung kann auch f\u00fcr nicht eingeloggte Nutzer erfolgen. Dem Nutzer steht ein Widerspruchsrecht gegen die Bildung dieser Profile zu (bitte direkt an den jeweiligen Anbieter wenden). Rechtsgrundlage: berechtigte Interessen gem. Art. 6 Abs. 1 S. 1 lit. f) DS-GVO.<\/p><p>Auf Umfang\/Zweck\/Speicherdauer der Datenverarbeitung haben wir keinen Einfluss. Bitte beachten Sie die Datenschutzerkl\u00e4rungen der jeweiligen Netzwerke; dort finden Sie auch Hinweise zu Rechten und Einstellungen zum Schutz Ihrer Daten.<\/p><h3>Facebook<\/h3><p>Wir haben Facebook-Plug-ins (Shariff) integriert. Nach willentlicher Aktivierung wird eine Verbindung zu Facebook-Servern hergestellt; Facebook erh\u00e4lt u. a. Ihre IP und speichert diese ggf. in den USA. Bei eingeloggten Nutzern kann eine Zuordnung zum Account erfolgen. Nutzungshandlungen (z. B. \u201eLike\u201c) werden ebenfalls \u00fcbertragen\/gespeichert und im Profil angezeigt.<\/p><p>Details: <a href=\"https:\/\/www.facebook.com\/about\/privacy\/\">facebook.com\/about\/privacy\/<\/a> \u2014 \u201eGef\u00e4llt mir\u201c-Button: <a href=\"https:\/\/www.facebook.com\/help\/186325668085084\">facebook.com\/help\/186325668085084<\/a> \u2014 Werbe-Einstellungen\/Widerspruch: <a href=\"https:\/\/www.facebook.com\/ads\/preferences\/\">facebook.com\/ads\/preferences\/<\/a>.<\/p><h3>Twitter<\/h3><p>Wir haben Twitter-Plug-ins (Shariff) integriert. Bei Aktivierung kann Twitter den Aufruf unserem Webauftritt Ihrem Profil zuordnen (falls eingeloggt). Um dies zu verhindern, vor dem Besuch ausloggen und Cookies l\u00f6schen.<\/p><p>Details: <a href=\"https:\/\/twitter.com\/de\/privacy\">twitter.com\/de\/privacy<\/a> \u2014 Opt-Out: <a href=\"https:\/\/twitter.com\/personalization\">twitter.com\/personalization<\/a>.<\/p><h3>Instagram<\/h3><p>Wir haben Instagram-Plug-ins (Shariff) integriert. Bei Aktivierung erh\u00e4lt Instagram u. a. Ihre IP und kann den Besuch Ihrem Account zuordnen (falls eingeloggt). Inhalte k\u00f6nnen \u00fcber den Button geteilt\/gespeichert werden.<\/p><p>Details: <a href=\"https:\/\/help.instagram.com\/519522125107875\">help.instagram.com\/519522125107875<\/a> \u2014 Privatsph\u00e4re-Einstellungen: <a href=\"https:\/\/help.instagram.com\/196883487377501\">help.instagram.com\/196883487377501<\/a>.<\/p><h3>Rechte der betroffenen Person<\/h3><h4>Widerspruch oder Widerruf gegen die Verarbeitung Ihrer Daten<\/h4><p>Beruht die Verarbeitung auf Ihrer Einwilligung (Art. 6 Abs. 1 S. 1 lit. a), Art. 7 DS-GVO), k\u00f6nnen Sie diese jederzeit widerrufen. Die Rechtm\u00e4\u00dfigkeit bis zum Widerruf bleibt unber\u00fchrt. Bei Verarbeitung auf Grundlage von Art. 6 Abs. 1 S. 1 lit. f) DS-GVO k\u00f6nnen Sie Widerspruch einlegen. Bitte begr\u00fcnden Sie den Widerspruch, damit wir die Sachlage pr\u00fcfen und die Verarbeitung einstellen\/anpassen oder zwingende schutzw\u00fcrdige Gr\u00fcnde darlegen k\u00f6nnen. Der Verarbeitung zu Werbe- und Datenanalysezwecken k\u00f6nnen Sie jederzeit kostenfrei widersprechen.<\/p><address>JMD Jens Munser Designs<br \/>Karl-Scharfenberg-Str. 70<br \/>38229 Salzgitter, Deutschland<br \/>E-Mail: <a href=\"mailto:info@jmd.de\">info@jmd.de<\/a><\/address><h4>Recht auf Auskunft<\/h4><p>Sie haben das Recht auf Auskunft nach Art. 15 DS-GVO \u00fcber die bei uns gespeicherten personenbezogenen Daten (Zwecke, Kategorien, Empf\u00e4nger, Speicherdauer, Herkunft der Daten etc.).<\/p><h4>Recht auf Berichtigung<\/h4><p>Sie haben ein Recht auf Berichtigung unrichtiger bzw. Vervollst\u00e4ndigung unvollst\u00e4ndiger Daten (Art. 16 DS-GVO).<\/p><h4>Recht auf L\u00f6schung<\/h4><p>Sie haben ein Recht auf L\u00f6schung Ihrer Daten nach Art. 17 DS-GVO, sofern keine gesetzlichen\/vertraglichen Pflichten entgegenstehen.<\/p><h4>Recht auf Einschr\u00e4nkung<\/h4><p>Sie k\u00f6nnen eine Einschr\u00e4nkung der Verarbeitung verlangen (Art. 18 Abs. 1 lit. a\u2013d DS-GVO), insbesondere wenn:<\/p><ul><li>Sie die Richtigkeit personenbezogener Daten bestreiten (f\u00fcr die Dauer der Pr\u00fcfung),<\/li><li>die Verarbeitung unrechtm\u00e4\u00dfig ist und Sie statt L\u00f6schung die Einschr\u00e4nkung verlangen,<\/li><li>der Verantwortliche die Daten nicht mehr ben\u00f6tigt, Sie diese aber zur Geltendmachung\/Verteidigung von Anspr\u00fcchen ben\u00f6tigen,<\/li><li>Sie Widerspruch nach Art. 21 Abs. 1 DS-GVO eingelegt haben und die Abw\u00e4gung noch andauert.<\/li><\/ul><h4>Recht auf Daten\u00fcbertragbarkeit<\/h4><p>Sie haben ein Recht auf Daten\u00fcbertragbarkeit nach Art. 20 DS-GVO (g\u00e4ngiges, maschinenlesbares Format bzw. \u00dcbermittlung an einen anderen Verantwortlichen).<\/p><h4>Recht auf Beschwerde<\/h4><p>Sie haben das Recht, sich bei einer Aufsichtsbeh\u00f6rde zu beschweren (Wohnsitz-, Arbeitsort- oder Ort des mutma\u00dflichen Versto\u00dfes).<\/p><h3>Datensicherheit<\/h3><p>Zum Schutz aller \u00fcbermittelten personenbezogenen Daten und zur Einhaltung der Datenschutzvorschriften haben wir geeignete technische und organisatorische Ma\u00dfnahmen getroffen. S\u00e4mtliche Daten\u00fcbertragungen zwischen Ihrem Browser und unserem Server erfolgen verschl\u00fcsselt \u00fcber eine sichere SSL-Verbindung.<\/p><p><small>Stand: 29.10.2018<\/small><\/p><p><em>Quelle: Muster-Datenschutzerkl\u00e4rung von JuraForum.de<\/em><\/p><\/div><\/div><\/div><\/div><\/div><\/div>\t\t\t\t\t\t\t\t<\/div>\n\t\t\t\t\t<\/div>\n\t\t\t\t<\/div>\n\t\t<div class=\"elementor-element elementor-element-e411de5 e-flex e-con-boxed e-con e-parent\" data-id=\"e411de5\" data-element_type=\"container\" data-e-type=\"container\">\n\t\t\t\t\t<div class=\"e-con-inner\">\n\t\t\t\t<div class=\"elementor-element elementor-element-7c40626 elementor-widget elementor-widget-html\" data-id=\"7c40626\" data-element_type=\"widget\" data-e-type=\"widget\" data-widget_type=\"html.default\">\n\t\t\t\t\t<div class=\"md-footer\">\n    <div class=\"md-footer-logo\">Medaillendruck.de<\/div>\n\n    <nav class=\"md-footer-nav\">\n        <a href=\"\/\">Startseite<\/a>\n        <a href=\"\/medaillen\/\">Medaillen<\/a>\n        <a href=\"\/ablauf\/\">Ablauf<\/a>\n        <a href=\"\/preise\/\">Preise<\/a>\n        <a href=\"\/kontakt\/\">Kontakt<\/a>\n    <\/nav>\n\n    <div class=\"md-footer-info\">\n        <p>E-Mail: info@flaschenkuehler.de<\/p>\n        <p>Individuelle Medaillen \u2022 Design & Druck \u2022 Kleine St\u00fcckzahlen m\u00f6glich<\/p>\n    <\/div>\n\n    <!-- Links -->\n    <div class=\"md-footer-legal\">\n        <a href=\"\/agb\/\">AGB<\/a>\n        <span>\u2022<\/span>\n        <a href=\"\/datenschutz\/\">Datenschutz<\/a>\n        <span>\u2022<\/span>\n        <a href=\"\/impressum\/\">Impressum<\/a>\n    <\/div>\n\n    <div class=\"md-footer-copy\">\n        \u00a9 2025 Medaillendruck.de \u2013 Alle Rechte vorbehalten.\n    <\/div>\n<\/div>\n<style>\n    \/* Footer-Grundstil *\/\n.md-footer {\n    background: #0a0612;\n    padding: 60px 20px;\n    text-align: center;\n    color: #d7dde5;\n    border-top: 1px solid rgba(255,255,255,0.05);\n}\n\n.md-footer-logo {\n    font-size: 2rem;\n    font-weight: 600;\n    color: #8fa3b8;\n    margin-bottom: 25px;\n}\n\n\/* Haupt-Navigation im Footer *\/\n.md-footer-nav {\n    margin-bottom: 25px;\n}\n\n.md-footer-nav a {\n    color: #f4ede6;\n    margin: 0 12px;\n    text-decoration: none;\n    font-size: 1.05rem;\n    transition: color .25s ease;\n}\n\n.md-footer-nav a:hover {\n    color: #d9a867;\n}\n\n\/* Info-Text *\/\n.md-footer-info p {\n    margin: 6px 0;\n    opacity: 0.85;\n    font-size: 0.95rem;\n}\n\n\/* Links *\/\n.md-footer-legal {\n    margin-top: 22px;\n    font-size: 0.9rem;\n    opacity: 0.85;\n}\n\n.md-footer-legal a {\n    color: #8fa3b8;\n    text-decoration: none;\n    margin: 0 6px;\n    transition: color .25s ease;\n}\n\n.md-footer-legal a:hover {\n    color: #d9a867;\n}\n\n.md-footer-legal span {\n    color: #6b5a4a;\n}\n\n\/* Copyright *\/\n.md-footer-copy {\n    margin-top: 18px;\n    font-size: 0.82rem;\n    opacity: 0.6;\n}\n\n\/* Responsiv *\/\n@media (max-width: 600px) {\n    .md-footer-nav a {\n        display: block;\n        margin: 8px 0;\n    }\n\n    .md-footer-legal {\n        margin-top: 18px;\n    }\n}\n\n<\/style>\t\t\t\t<\/div>\n\t\t\t\t\t<\/div>\n\t\t\t\t<\/div>\n\t\t\t\t<\/div>\n\t\t","protected":false},"excerpt":{"rendered":"<p>Datenschutzerkl\u00e4rung Wir informieren Sie nachfolgend gem\u00e4\u00df den gesetzlichen Vorgaben des Datenschutzrechts (insb. gem\u00e4\u00df BDSG n.F. und der europ\u00e4ischen Datenschutz-Grundverordnung \u201eDS-GVO\u201c) \u00fcber die Art, den Umfang und Zweck der Verarbeitung personenbezogener Daten durch unser Unternehmen. Diese Datenschutzerkl\u00e4rung gilt auch f\u00fcr unsere Websites und Social-Media-Profile. Bez\u00fcglich der Definition von Begriffen wie \u201epersonenbezogene Daten\u201c oder \u201eVerarbeitung\u201c verweisen wir [&hellip;]<\/p>\n","protected":false},"author":1,"featured_media":0,"parent":0,"menu_order":0,"comment_status":"closed","ping_status":"closed","template":"elementor_canvas","meta":{"footnotes":""},"class_list":["post-203","page","type-page","status-publish","hentry"],"aioseo_notices":[],"_links":{"self":[{"href":"https:\/\/medaillendruck.de\/home\/wp-json\/wp\/v2\/pages\/203","targetHints":{"allow":["GET"]}}],"collection":[{"href":"https:\/\/medaillendruck.de\/home\/wp-json\/wp\/v2\/pages"}],"about":[{"href":"https:\/\/medaillendruck.de\/home\/wp-json\/wp\/v2\/types\/page"}],"author":[{"embeddable":true,"href":"https:\/\/medaillendruck.de\/home\/wp-json\/wp\/v2\/users\/1"}],"replies":[{"embeddable":true,"href":"https:\/\/medaillendruck.de\/home\/wp-json\/wp\/v2\/comments?post=203"}],"version-history":[{"count":16,"href":"https:\/\/medaillendruck.de\/home\/wp-json\/wp\/v2\/pages\/203\/revisions"}],"predecessor-version":[{"id":459,"href":"https:\/\/medaillendruck.de\/home\/wp-json\/wp\/v2\/pages\/203\/revisions\/459"}],"wp:attachment":[{"href":"https:\/\/medaillendruck.de\/home\/wp-json\/wp\/v2\/media?parent=203"}],"curies":[{"name":"wp","href":"https:\/\/api.w.org\/{rel}","templated":true}]}}